{"id":1218,"date":"2022-08-21T02:07:21","date_gmt":"2022-08-21T02:07:21","guid":{"rendered":"https:\/\/alimentacionycultura.ucr.ac.cr\/?page_id=1218"},"modified":"2024-05-02T22:17:16","modified_gmt":"2024-05-02T22:17:16","slug":"destinos-gastronomicos-san-jose","status":"publish","type":"page","link":"https:\/\/alimentacionycultura.ucr.ac.cr\/index.php\/alimentacion-cultura-y-celebracion\/destinos-gastronomicos\/destinos-gastronomicos-san-jose\/","title":{"rendered":"San Jos\u00e9"},"content":{"rendered":"\t\t<div data-elementor-type=\"wp-page\" data-elementor-id=\"1218\" class=\"elementor elementor-1218\">\n\t\t\t\t\t\t<section class=\"elementor-section elementor-top-section elementor-element elementor-element-5c0e583 elementor-section-boxed elementor-section-height-default elementor-section-height-default\" data-id=\"5c0e583\" data-element_type=\"section\" data-e-type=\"section\">\n\t\t\t\t\t\t<div class=\"elementor-container elementor-column-gap-default\">\n\t\t\t\t\t<div class=\"elementor-column elementor-col-100 elementor-top-column elementor-element elementor-element-64653dc\" data-id=\"64653dc\" data-element_type=\"column\" data-e-type=\"column\">\n\t\t\t<div class=\"elementor-widget-wrap elementor-element-populated\">\n\t\t\t\t\t\t<div class=\"elementor-element elementor-element-a1cf864 elementor-widget elementor-widget-image\" data-id=\"a1cf864\" data-element_type=\"widget\" data-e-type=\"widget\" data-widget_type=\"image.default\">\n\t\t\t\t<div class=\"elementor-widget-container\">\n\t\t\t\t\t\t\t\t\t\t\t\t\t\t\t<img fetchpriority=\"high\" decoding=\"async\" width=\"1920\" height=\"707\" src=\"https:\/\/alimentacionycultura.ucr.ac.cr\/wp-content\/uploads\/2023\/10\/B-San-Jose.png\" class=\"attachment-full size-full wp-image-4122\" alt=\"\" srcset=\"https:\/\/alimentacionycultura.ucr.ac.cr\/wp-content\/uploads\/2023\/10\/B-San-Jose.png 1920w, https:\/\/alimentacionycultura.ucr.ac.cr\/wp-content\/uploads\/2023\/10\/B-San-Jose-300x110.png 300w, https:\/\/alimentacionycultura.ucr.ac.cr\/wp-content\/uploads\/2023\/10\/B-San-Jose-1024x377.png 1024w, https:\/\/alimentacionycultura.ucr.ac.cr\/wp-content\/uploads\/2023\/10\/B-San-Jose-768x283.png 768w, https:\/\/alimentacionycultura.ucr.ac.cr\/wp-content\/uploads\/2023\/10\/B-San-Jose-1536x566.png 1536w\" sizes=\"(max-width: 1920px) 100vw, 1920px\" \/>\t\t\t\t\t\t\t\t\t\t\t\t\t\t\t<\/div>\n\t\t\t\t<\/div>\n\t\t\t\t\t<\/div>\n\t\t<\/div>\n\t\t\t\t\t<\/div>\n\t\t<\/section>\n\t\t\t\t<section class=\"elementor-section elementor-top-section elementor-element elementor-element-bb3f467 section-container elementor-section-boxed elementor-section-height-default elementor-section-height-default\" data-id=\"bb3f467\" data-element_type=\"section\" data-e-type=\"section\" data-settings=\"{&quot;background_background&quot;:&quot;classic&quot;}\">\n\t\t\t\t\t\t<div class=\"elementor-container elementor-column-gap-default\">\n\t\t\t\t\t<div class=\"elementor-column elementor-col-100 elementor-top-column elementor-element elementor-element-52de63f\" data-id=\"52de63f\" data-element_type=\"column\" data-e-type=\"column\">\n\t\t\t<div class=\"elementor-widget-wrap elementor-element-populated\">\n\t\t\t\t\t\t<div class=\"elementor-element elementor-element-658a2d1 animated-slow elementor-invisible elementor-widget elementor-widget-heading\" data-id=\"658a2d1\" data-element_type=\"widget\" data-e-type=\"widget\" data-settings=\"{&quot;_animation&quot;:&quot;fadeIn&quot;}\" data-widget_type=\"heading.default\">\n\t\t\t\t<div class=\"elementor-widget-container\">\n\t\t\t\t\t<h1 class=\"elementor-heading-title elementor-size-default\">San Jos\u00e9: Destinos gastron\u00f3micos\u200b<\/h1>\t\t\t\t<\/div>\n\t\t\t\t<\/div>\n\t\t\t\t<div class=\"elementor-element elementor-element-ae61913 elementor-widget elementor-widget-text-editor\" data-id=\"ae61913\" data-element_type=\"widget\" data-e-type=\"widget\" data-widget_type=\"text-editor.default\">\n\t\t\t\t<div class=\"elementor-widget-container\">\n\t\t\t\t\t\t\t\t\t<p>San Jos\u00e9 se compone de 20 cantones con una gran riqueza en patrimonio natural, cultural e hist\u00f3rico, siendo la provincia que acuna la capital, en el cant\u00f3n con el mismo nombre.&nbsp; Cada cant\u00f3n cuenta con una historia particular que hace que el recorrido por las zonas urbanas y rurales que comprende la provincia est\u00e9 colmado de ricas experiencias, historia y disfrute.<br><\/p>\t\t\t\t\t\t\t\t<\/div>\n\t\t\t\t<\/div>\n\t\t\t\t\t<\/div>\n\t\t<\/div>\n\t\t\t\t\t<\/div>\n\t\t<\/section>\n\t\t\t\t<section class=\"elementor-section elementor-top-section elementor-element elementor-element-554f86c8 section-container elementor-section-boxed elementor-section-height-default elementor-section-height-default\" data-id=\"554f86c8\" data-element_type=\"section\" data-e-type=\"section\" data-settings=\"{&quot;background_background&quot;:&quot;classic&quot;}\">\n\t\t\t\t\t\t<div class=\"elementor-container elementor-column-gap-default\">\n\t\t\t\t\t<div class=\"elementor-column elementor-col-100 elementor-top-column elementor-element elementor-element-1a406af9\" data-id=\"1a406af9\" data-element_type=\"column\" data-e-type=\"column\">\n\t\t\t<div class=\"elementor-widget-wrap elementor-element-populated\">\n\t\t\t\t\t\t<div class=\"elementor-element elementor-element-568c35a6 elementor-grid-eael-col-3 elementor-grid-tablet-eael-col-2 elementor-grid-mobile-eael-col-1 elementor-widget elementor-widget-eael-post-grid\" data-id=\"568c35a6\" data-element_type=\"widget\" data-e-type=\"widget\" data-settings=\"{&quot;eael_post_grid_columns&quot;:&quot;eael-col-3&quot;,&quot;eael_post_grid_columns_tablet&quot;:&quot;eael-col-2&quot;,&quot;eael_post_grid_columns_mobile&quot;:&quot;eael-col-1&quot;}\" data-widget_type=\"eael-post-grid.default\">\n\t\t\t\t<div class=\"elementor-widget-container\">\n\t\t\t\t\t<div id=\"eael-post-grid-568c35a6\" class=\"eael-post-grid-container\">\n            <div class=\"eael-post-grid eael-post-appender eael-post-appender-568c35a6 eael-post-grid-style-one\" data-layout-mode=\"grid\"><article class=\"eael-grid-post  eael-post-grid-column eael-pg-post-4093 category-destinos-gastronomicos-destinos-gastronomicos-san-jose-san-jose-sin-categoria\" data-id=\"4093\">\n        <div class=\"eael-grid-post-holder\">\n            <div class=\"eael-grid-post-holder-inner\"><div class=\"eael-entry-wrapper\"><header class=\"eael-entry-header\"><h3 class=\"eael-entry-title\"><a class=\"eael-grid-post-link\" href=\"https:\/\/alimentacionycultura.ucr.ac.cr\/index.php\/2023\/10\/01\/fiestas-patronales-en-escazu-y-el-picadillo-de-chicasquil\/\" title=\"Fiestas patronales en Escaz\u00fa y el picadillo de chicasquil\">Fiestas patronales en Escaz\u00fa y el picadillo de chicasquil<\/a><\/h3><\/header><div class=\"eael-entry-content\">\n                        <div class=\"eael-grid-post-excerpt\"><a href=\"https:\/\/alimentacionycultura.ucr.ac.cr\/index.php\/2023\/10\/01\/fiestas-patronales-en-escazu-y-el-picadillo-de-chicasquil\/\" class=\"eael-post-elements-readmore-btn\">Leer m\u00e1s<\/a><\/div>\n                    <\/div><\/div><\/div>\n        <\/div>\n    <\/article><article class=\"eael-grid-post  eael-post-grid-column eael-pg-post-3640 category-acc-destinos-gastronomicos-san-jose-san-jose\" data-id=\"3640\">\n        <div class=\"eael-grid-post-holder\">\n            <div class=\"eael-grid-post-holder-inner\"><div class=\"eael-entry-wrapper\"><header class=\"eael-entry-header\"><h3 class=\"eael-entry-title\"><a class=\"eael-grid-post-link\" href=\"https:\/\/alimentacionycultura.ucr.ac.cr\/index.php\/2023\/03\/18\/caramelos-de-chiverre-una-delicia-para-semana-santa-en-santa-maria-de-dota\/\" title=\"Caramelos de chiverre, una delicia para Semana Santa en Santa Mar\u00eda de Dota.\">Caramelos de chiverre, una delicia para Semana Santa en Santa Mar\u00eda de Dota.<\/a><\/h3><\/header><div class=\"eael-entry-content\">\n                        <div class=\"eael-grid-post-excerpt\"><a href=\"https:\/\/alimentacionycultura.ucr.ac.cr\/index.php\/2023\/03\/18\/caramelos-de-chiverre-una-delicia-para-semana-santa-en-santa-maria-de-dota\/\" class=\"eael-post-elements-readmore-btn\">Leer m\u00e1s<\/a><\/div>\n                    <\/div><\/div><\/div>\n        <\/div>\n    <\/article><article class=\"eael-grid-post  eael-post-grid-column eael-pg-post-3408 category-acc-destinos-gastronomicos-san-jose\" data-id=\"3408\">\n        <div class=\"eael-grid-post-holder\">\n            <div class=\"eael-grid-post-holder-inner\"><div class=\"eael-entry-wrapper\"><header class=\"eael-entry-header\"><h3 class=\"eael-entry-title\"><a class=\"eael-grid-post-link\" href=\"https:\/\/alimentacionycultura.ucr.ac.cr\/index.php\/2023\/02\/12\/un-destino-turistico-que-enlaza-cuatro-cantones-de-san-jose\/\" title=\"Un destino tur\u00edstico que enlaza a cuatro cantones josefinos\">Un destino tur\u00edstico que enlaza a cuatro cantones josefinos<\/a><\/h3><\/header><div class=\"eael-entry-content\">\n                        <div class=\"eael-grid-post-excerpt\"><a href=\"https:\/\/alimentacionycultura.ucr.ac.cr\/index.php\/2023\/02\/12\/un-destino-turistico-que-enlaza-cuatro-cantones-de-san-jose\/\" class=\"eael-post-elements-readmore-btn\">Leer m\u00e1s<\/a><\/div>\n                    <\/div><\/div><\/div>\n        <\/div>\n    <\/article><article class=\"eael-grid-post  eael-post-grid-column eael-pg-post-3365 category-destinos-gastronomicos-san-jose\" data-id=\"3365\">\n        <div class=\"eael-grid-post-holder\">\n            <div class=\"eael-grid-post-holder-inner\"><div class=\"eael-entry-wrapper\"><header class=\"eael-entry-header\"><h3 class=\"eael-entry-title\"><a class=\"eael-grid-post-link\" href=\"https:\/\/alimentacionycultura.ucr.ac.cr\/index.php\/2023\/02\/10\/escazu-y-la-celebracion-de-dia-nacional-del-boyero-y-la-boyera\/\" title=\"San Antonio de Escaz\u00fa, carretas y bueyes.\">San Antonio de Escaz\u00fa, carretas y bueyes.<\/a><\/h3><\/header><div class=\"eael-entry-content\">\n                        <div class=\"eael-grid-post-excerpt\"><a href=\"https:\/\/alimentacionycultura.ucr.ac.cr\/index.php\/2023\/02\/10\/escazu-y-la-celebracion-de-dia-nacional-del-boyero-y-la-boyera\/\" class=\"eael-post-elements-readmore-btn\">Leer m\u00e1s<\/a><\/div>\n                    <\/div><\/div><\/div>\n        <\/div>\n    <\/article><\/div>\n            <div class=\"clearfix\"><\/div>\n        <\/div>\t\t\t\t<\/div>\n\t\t\t\t<\/div>\n\t\t\t\t\t<\/div>\n\t\t<\/div>\n\t\t\t\t\t<\/div>\n\t\t<\/section>\n\t\t\t\t<section class=\"elementor-section elementor-top-section elementor-element elementor-element-1ff4e47 elementor-section-boxed elementor-section-height-default elementor-section-height-default\" data-id=\"1ff4e47\" data-element_type=\"section\" data-e-type=\"section\">\n\t\t\t\t\t\t<div class=\"elementor-container elementor-column-gap-default\">\n\t\t\t\t\t<div class=\"elementor-column elementor-col-100 elementor-top-column elementor-element elementor-element-385bbb4\" data-id=\"385bbb4\" data-element_type=\"column\" data-e-type=\"column\">\n\t\t\t<div class=\"elementor-widget-wrap elementor-element-populated\">\n\t\t\t\t\t\t<div class=\"elementor-element elementor-element-5108a6b elementor-widget elementor-widget-image\" data-id=\"5108a6b\" data-element_type=\"widget\" data-e-type=\"widget\" data-widget_type=\"image.default\">\n\t\t\t\t<div class=\"elementor-widget-container\">\n\t\t\t\t\t\t\t\t\t\t\t\t\t\t\t<img decoding=\"async\" width=\"1024\" height=\"250\" src=\"https:\/\/alimentacionycultura.ucr.ac.cr\/wp-content\/uploads\/2023\/10\/F-San-Jose-1024x250.png\" class=\"attachment-large size-large wp-image-4127\" alt=\"\" srcset=\"https:\/\/alimentacionycultura.ucr.ac.cr\/wp-content\/uploads\/2023\/10\/F-San-Jose-1024x250.png 1024w, https:\/\/alimentacionycultura.ucr.ac.cr\/wp-content\/uploads\/2023\/10\/F-San-Jose-300x73.png 300w, https:\/\/alimentacionycultura.ucr.ac.cr\/wp-content\/uploads\/2023\/10\/F-San-Jose-768x188.png 768w, https:\/\/alimentacionycultura.ucr.ac.cr\/wp-content\/uploads\/2023\/10\/F-San-Jose-1536x375.png 1536w, https:\/\/alimentacionycultura.ucr.ac.cr\/wp-content\/uploads\/2023\/10\/F-San-Jose.png 1800w\" sizes=\"(max-width: 1024px) 100vw, 1024px\" \/>\t\t\t\t\t\t\t\t\t\t\t\t\t\t\t<\/div>\n\t\t\t\t<\/div>\n\t\t\t\t\t<\/div>\n\t\t<\/div>\n\t\t\t\t\t<\/div>\n\t\t<\/section>\n\t\t\t\t<\/div>\n\t\t","protected":false},"excerpt":{"rendered":"<p>San Jos\u00e9: Destinos gastron\u00f3micos\u200b San Jos\u00e9 se compone de 20 cantones con una gran riqueza en patrimonio natural, cultural e hist\u00f3rico, siendo la provincia que acuna la capital, en el cant\u00f3n con el mismo nombre.&nbsp; Cada cant\u00f3n cuenta con una historia particular que hace que el recorrido por las zonas urbanas y rurales que comprende [&hellip;]<\/p>\n","protected":false},"author":5,"featured_media":0,"parent":1206,"menu_order":0,"comment_status":"closed","ping_status":"closed","template":"","meta":{"site-sidebar-layout":"no-sidebar","site-content-layout":"page-builder","ast-site-content-layout":"default","site-content-style":"default","site-sidebar-style":"default","ast-global-header-display":"","ast-banner-title-visibility":"","ast-main-header-display":"","ast-hfb-above-header-display":"","ast-hfb-below-header-display":"","ast-hfb-mobile-header-display":"","site-post-title":"disabled","ast-breadcrumbs-content":"","ast-featured-img":"disabled","footer-sml-layout":"","ast-disable-related-posts":"","theme-transparent-header-meta":"","adv-header-id-meta":"","stick-header-meta":"","header-above-stick-meta":"","header-main-stick-meta":"","header-below-stick-meta":"","astra-migrate-meta-layouts":"default","ast-page-background-enabled":"default","ast-page-background-meta":{"desktop":{"background-color":"var(--ast-global-color-4)","background-image":"","background-repeat":"repeat","background-position":"center center","background-size":"auto","background-attachment":"scroll","background-type":"","background-media":"","overlay-type":"","overlay-color":"","overlay-opacity":"","overlay-gradient":""},"tablet":{"background-color":"","background-image":"","background-repeat":"repeat","background-position":"center center","background-size":"auto","background-attachment":"scroll","background-type":"","background-media":"","overlay-type":"","overlay-color":"","overlay-opacity":"","overlay-gradient":""},"mobile":{"background-color":"","background-image":"","background-repeat":"repeat","background-position":"center center","background-size":"auto","background-attachment":"scroll","background-type":"","background-media":"","overlay-type":"","overlay-color":"","overlay-opacity":"","overlay-gradient":""}},"ast-content-background-meta":{"desktop":{"background-color":"var(--ast-global-color-5)","background-image":"","background-repeat":"repeat","background-position":"center center","background-size":"auto","background-attachment":"scroll","background-type":"","background-media":"","overlay-type":"","overlay-color":"","overlay-opacity":"","overlay-gradient":""},"tablet":{"background-color":"var(--ast-global-color-5)","background-image":"","background-repeat":"repeat","background-position":"center center","background-size":"auto","background-attachment":"scroll","background-type":"","background-media":"","overlay-type":"","overlay-color":"","overlay-opacity":"","overlay-gradient":""},"mobile":{"background-color":"var(--ast-global-color-5)","background-image":"","background-repeat":"repeat","background-position":"center center","background-size":"auto","background-attachment":"scroll","background-type":"","background-media":"","overlay-type":"","overlay-color":"","overlay-opacity":"","overlay-gradient":""}},"footnotes":""},"class_list":["post-1218","page","type-page","status-publish","hentry"],"_links":{"self":[{"href":"https:\/\/alimentacionycultura.ucr.ac.cr\/index.php\/wp-json\/wp\/v2\/pages\/1218","targetHints":{"allow":["GET"]}}],"collection":[{"href":"https:\/\/alimentacionycultura.ucr.ac.cr\/index.php\/wp-json\/wp\/v2\/pages"}],"about":[{"href":"https:\/\/alimentacionycultura.ucr.ac.cr\/index.php\/wp-json\/wp\/v2\/types\/page"}],"author":[{"embeddable":true,"href":"https:\/\/alimentacionycultura.ucr.ac.cr\/index.php\/wp-json\/wp\/v2\/users\/5"}],"replies":[{"embeddable":true,"href":"https:\/\/alimentacionycultura.ucr.ac.cr\/index.php\/wp-json\/wp\/v2\/comments?post=1218"}],"version-history":[{"count":48,"href":"https:\/\/alimentacionycultura.ucr.ac.cr\/index.php\/wp-json\/wp\/v2\/pages\/1218\/revisions"}],"predecessor-version":[{"id":4229,"href":"https:\/\/alimentacionycultura.ucr.ac.cr\/index.php\/wp-json\/wp\/v2\/pages\/1218\/revisions\/4229"}],"up":[{"embeddable":true,"href":"https:\/\/alimentacionycultura.ucr.ac.cr\/index.php\/wp-json\/wp\/v2\/pages\/1206"}],"wp:attachment":[{"href":"https:\/\/alimentacionycultura.ucr.ac.cr\/index.php\/wp-json\/wp\/v2\/media?parent=1218"}],"curies":[{"name":"wp","href":"https:\/\/api.w.org\/{rel}","templated":true}]}}