{"id":1327,"date":"2022-08-27T22:02:21","date_gmt":"2022-08-27T22:02:21","guid":{"rendered":"https:\/\/alimentacionycultura.ucr.ac.cr\/?page_id=1327"},"modified":"2023-10-23T20:41:34","modified_gmt":"2023-10-23T20:41:34","slug":"destinos-gastronomicos-alajuela","status":"publish","type":"page","link":"https:\/\/alimentacionycultura.ucr.ac.cr\/index.php\/alimentacion-cultura-y-celebracion\/destinos-gastronomicos\/destinos-gastronomicos-alajuela\/","title":{"rendered":"Alajuela"},"content":{"rendered":"\t\t<div data-elementor-type=\"wp-page\" data-elementor-id=\"1327\" class=\"elementor elementor-1327\">\n\t\t\t\t\t\t<section class=\"elementor-section elementor-top-section elementor-element elementor-element-d124b3c elementor-section-boxed elementor-section-height-default elementor-section-height-default\" data-id=\"d124b3c\" data-element_type=\"section\" data-e-type=\"section\">\n\t\t\t\t\t\t<div class=\"elementor-container elementor-column-gap-default\">\n\t\t\t\t\t<div class=\"elementor-column elementor-col-100 elementor-top-column elementor-element elementor-element-a2c5965\" data-id=\"a2c5965\" data-element_type=\"column\" data-e-type=\"column\">\n\t\t\t<div class=\"elementor-widget-wrap elementor-element-populated\">\n\t\t\t\t\t\t<div class=\"elementor-element elementor-element-3f198d4 elementor-widget elementor-widget-image\" data-id=\"3f198d4\" data-element_type=\"widget\" data-e-type=\"widget\" data-widget_type=\"image.default\">\n\t\t\t\t<div class=\"elementor-widget-container\">\n\t\t\t\t\t\t\t\t\t\t\t\t\t\t\t<img fetchpriority=\"high\" decoding=\"async\" width=\"1024\" height=\"378\" src=\"https:\/\/alimentacionycultura.ucr.ac.cr\/wp-content\/uploads\/2023\/10\/B-Alajuela-1024x378.png\" class=\"attachment-large size-large wp-image-4131\" alt=\"Alajuela\" srcset=\"https:\/\/alimentacionycultura.ucr.ac.cr\/wp-content\/uploads\/2023\/10\/B-Alajuela-1024x378.png 1024w, https:\/\/alimentacionycultura.ucr.ac.cr\/wp-content\/uploads\/2023\/10\/B-Alajuela-300x111.png 300w, https:\/\/alimentacionycultura.ucr.ac.cr\/wp-content\/uploads\/2023\/10\/B-Alajuela-768x283.png 768w, https:\/\/alimentacionycultura.ucr.ac.cr\/wp-content\/uploads\/2023\/10\/B-Alajuela-1536x566.png 1536w, https:\/\/alimentacionycultura.ucr.ac.cr\/wp-content\/uploads\/2023\/10\/B-Alajuela.png 1920w\" sizes=\"(max-width: 1024px) 100vw, 1024px\" \/>\t\t\t\t\t\t\t\t\t\t\t\t\t\t\t<\/div>\n\t\t\t\t<\/div>\n\t\t\t\t\t<\/div>\n\t\t<\/div>\n\t\t\t\t\t<\/div>\n\t\t<\/section>\n\t\t\t\t<section class=\"elementor-section elementor-top-section elementor-element elementor-element-6c2e77bd section-container elementor-section-boxed elementor-section-height-default elementor-section-height-default\" data-id=\"6c2e77bd\" data-element_type=\"section\" data-e-type=\"section\" data-settings=\"{&quot;background_background&quot;:&quot;classic&quot;}\">\n\t\t\t\t\t\t<div class=\"elementor-container elementor-column-gap-default\">\n\t\t\t\t\t<div class=\"elementor-column elementor-col-100 elementor-top-column elementor-element elementor-element-4a162196\" data-id=\"4a162196\" data-element_type=\"column\" data-e-type=\"column\">\n\t\t\t<div class=\"elementor-widget-wrap elementor-element-populated\">\n\t\t\t\t\t\t<div class=\"elementor-element elementor-element-14d7965c animated-slow elementor-invisible elementor-widget elementor-widget-heading\" data-id=\"14d7965c\" data-element_type=\"widget\" data-e-type=\"widget\" data-settings=\"{&quot;_animation&quot;:&quot;fadeIn&quot;}\" data-widget_type=\"heading.default\">\n\t\t\t\t<div class=\"elementor-widget-container\">\n\t\t\t\t\t<h1 class=\"elementor-heading-title elementor-size-default\">Alajuela: Destinos gastron\u00f3micos<\/h1>\t\t\t\t<\/div>\n\t\t\t\t<\/div>\n\t\t\t\t<div class=\"elementor-element elementor-element-4e7b966e elementor-widget elementor-widget-text-editor\" data-id=\"4e7b966e\" data-element_type=\"widget\" data-e-type=\"widget\" data-widget_type=\"text-editor.default\">\n\t\t\t\t<div class=\"elementor-widget-container\">\n\t\t\t\t\t\t\t\t\t<p class=\"p1\">La provincia de Alajuela cuenta con grandes bellezas naturales, patrimonio arquitect\u00f3nico y tradiciones locales que enamoran a las personas que visitan los diferentes poblados.<span class=\"Apple-converted-space\">\u00a0 <\/span>Su gente: dedicada a la siembra del caf\u00e9, hortalizas, frutas, ganader\u00eda, turismo y otras actividades, tiene un importante impacto en la econom\u00eda local y nacional.<span class=\"Apple-converted-space\">\u00a0 <\/span>Entre sus atractivos figuran reservas naturales forestales, fauna y flora y parques nacionales de extraordinaria belleza, los imponentes volcanes entre los que se encuentran el Po\u00e1s y el Arenal. Mercados, trapiches, fincas y otros lugares forman parte de los escenarios donde encontramos una gran riqueza en tradiciones alimentarias para el deleite de todos.<\/p>\t\t\t\t\t\t\t\t<\/div>\n\t\t\t\t<\/div>\n\t\t\t\t\t<\/div>\n\t\t<\/div>\n\t\t\t\t\t<\/div>\n\t\t<\/section>\n\t\t\t\t<section class=\"elementor-section elementor-top-section elementor-element elementor-element-366f6fd4 section-container elementor-section-boxed elementor-section-height-default elementor-section-height-default\" data-id=\"366f6fd4\" data-element_type=\"section\" data-e-type=\"section\" data-settings=\"{&quot;background_background&quot;:&quot;classic&quot;}\">\n\t\t\t\t\t\t<div class=\"elementor-container elementor-column-gap-default\">\n\t\t\t\t\t<div class=\"elementor-column elementor-col-100 elementor-top-column elementor-element elementor-element-57c3d2f9\" data-id=\"57c3d2f9\" data-element_type=\"column\" data-e-type=\"column\">\n\t\t\t<div class=\"elementor-widget-wrap elementor-element-populated\">\n\t\t\t\t\t\t<div class=\"elementor-element elementor-element-56bcecb elementor-grid-eael-col-3 elementor-grid-tablet-eael-col-2 elementor-grid-mobile-eael-col-1 elementor-widget elementor-widget-eael-post-grid\" data-id=\"56bcecb\" data-element_type=\"widget\" data-e-type=\"widget\" data-settings=\"{&quot;eael_post_grid_columns&quot;:&quot;eael-col-3&quot;,&quot;eael_post_grid_columns_tablet&quot;:&quot;eael-col-2&quot;,&quot;eael_post_grid_columns_mobile&quot;:&quot;eael-col-1&quot;}\" data-widget_type=\"eael-post-grid.default\">\n\t\t\t\t<div class=\"elementor-widget-container\">\n\t\t\t\t\t<div id=\"eael-post-grid-56bcecb\" class=\"eael-post-grid-container\">\n            <div class=\"eael-post-grid eael-post-appender eael-post-appender-56bcecb eael-post-grid-style-one\" data-layout-mode=\"grid\"><article class=\"eael-grid-post  eael-post-grid-column eael-pg-post-4118 category-destinos-gastronomicos-alajuela\" data-id=\"4118\">\n        <div class=\"eael-grid-post-holder\">\n            <div class=\"eael-grid-post-holder-inner\"><div class=\"eael-entry-wrapper\"><header class=\"eael-entry-header\"><h3 class=\"eael-entry-title\"><a class=\"eael-grid-post-link\" href=\"https:\/\/alimentacionycultura.ucr.ac.cr\/index.php\/2023\/10\/09\/zarcero-pintoresco\/\" title=\"Zarcero pintoresco\">Zarcero pintoresco<\/a><\/h3><\/header><div class=\"eael-entry-content\">\n                        <div class=\"eael-grid-post-excerpt\"><a href=\"https:\/\/alimentacionycultura.ucr.ac.cr\/index.php\/2023\/10\/09\/zarcero-pintoresco\/\" class=\"eael-post-elements-readmore-btn\">Leer m\u00e1s<\/a><\/div>\n                    <\/div><\/div><\/div>\n        <\/div>\n    <\/article><article class=\"eael-grid-post  eael-post-grid-column eael-pg-post-3322 category-acc-destinos-gastronomicos-destinos-gastronomicos-alajuela-alajuela-saberes-y-sabores-ticos\" data-id=\"3322\">\n        <div class=\"eael-grid-post-holder\">\n            <div class=\"eael-grid-post-holder-inner\"><div class=\"eael-entry-wrapper\"><header class=\"eael-entry-header\"><h3 class=\"eael-entry-title\"><a class=\"eael-grid-post-link\" href=\"https:\/\/alimentacionycultura.ucr.ac.cr\/index.php\/2023\/02\/10\/las-melcochas-de-maria\/\" title=\"Las Melcochas de Mar\u00eda en San Ram\u00f3n de Alajuela\">Las Melcochas de Mar\u00eda en San Ram\u00f3n de Alajuela<\/a><\/h3><\/header><div class=\"eael-entry-content\">\n                        <div class=\"eael-grid-post-excerpt\"><a href=\"https:\/\/alimentacionycultura.ucr.ac.cr\/index.php\/2023\/02\/10\/las-melcochas-de-maria\/\" class=\"eael-post-elements-readmore-btn\">Leer m\u00e1s<\/a><\/div>\n                    <\/div><\/div><\/div>\n        <\/div>\n    <\/article><\/div>\n            <div class=\"clearfix\"><\/div>\n        <\/div>\t\t\t\t<\/div>\n\t\t\t\t<\/div>\n\t\t\t\t\t<\/div>\n\t\t<\/div>\n\t\t\t\t\t<\/div>\n\t\t<\/section>\n\t\t\t\t<section class=\"elementor-section elementor-top-section elementor-element elementor-element-028f867 elementor-section-boxed elementor-section-height-default elementor-section-height-default\" data-id=\"028f867\" data-element_type=\"section\" data-e-type=\"section\">\n\t\t\t\t\t\t<div class=\"elementor-container elementor-column-gap-default\">\n\t\t\t\t\t<div class=\"elementor-column elementor-col-100 elementor-top-column elementor-element elementor-element-6974cd4\" data-id=\"6974cd4\" data-element_type=\"column\" data-e-type=\"column\">\n\t\t\t<div class=\"elementor-widget-wrap elementor-element-populated\">\n\t\t\t\t\t\t<div class=\"elementor-element elementor-element-cfc40b3 elementor-widget elementor-widget-image\" data-id=\"cfc40b3\" data-element_type=\"widget\" data-e-type=\"widget\" data-widget_type=\"image.default\">\n\t\t\t\t<div class=\"elementor-widget-container\">\n\t\t\t\t\t\t\t\t\t\t\t\t\t\t\t<img decoding=\"async\" width=\"1024\" height=\"275\" src=\"https:\/\/alimentacionycultura.ucr.ac.cr\/wp-content\/uploads\/2023\/10\/F-Alajuela-1024x275.png\" class=\"attachment-large size-large wp-image-4136\" alt=\"Ca\u00f1a dulce\" srcset=\"https:\/\/alimentacionycultura.ucr.ac.cr\/wp-content\/uploads\/2023\/10\/F-Alajuela-1024x275.png 1024w, https:\/\/alimentacionycultura.ucr.ac.cr\/wp-content\/uploads\/2023\/10\/F-Alajuela-300x81.png 300w, https:\/\/alimentacionycultura.ucr.ac.cr\/wp-content\/uploads\/2023\/10\/F-Alajuela-768x206.png 768w, https:\/\/alimentacionycultura.ucr.ac.cr\/wp-content\/uploads\/2023\/10\/F-Alajuela-1536x412.png 1536w, https:\/\/alimentacionycultura.ucr.ac.cr\/wp-content\/uploads\/2023\/10\/F-Alajuela.png 1970w\" sizes=\"(max-width: 1024px) 100vw, 1024px\" \/>\t\t\t\t\t\t\t\t\t\t\t\t\t\t\t<\/div>\n\t\t\t\t<\/div>\n\t\t\t\t\t<\/div>\n\t\t<\/div>\n\t\t\t\t\t<\/div>\n\t\t<\/section>\n\t\t\t\t<\/div>\n\t\t","protected":false},"excerpt":{"rendered":"<p>Alajuela: Destinos gastron\u00f3micos La provincia de Alajuela cuenta con grandes bellezas naturales, patrimonio arquitect\u00f3nico y tradiciones locales que enamoran a las personas que visitan los diferentes poblados.\u00a0 Su gente: dedicada a la siembra del caf\u00e9, hortalizas, frutas, ganader\u00eda, turismo y otras actividades, tiene un importante impacto en la econom\u00eda local y nacional.\u00a0 Entre sus atractivos [&hellip;]<\/p>\n","protected":false},"author":5,"featured_media":0,"parent":1206,"menu_order":0,"comment_status":"closed","ping_status":"closed","template":"","meta":{"site-sidebar-layout":"no-sidebar","site-content-layout":"page-builder","ast-site-content-layout":"default","site-content-style":"default","site-sidebar-style":"default","ast-global-header-display":"","ast-banner-title-visibility":"","ast-main-header-display":"","ast-hfb-above-header-display":"","ast-hfb-below-header-display":"","ast-hfb-mobile-header-display":"","site-post-title":"disabled","ast-breadcrumbs-content":"","ast-featured-img":"disabled","footer-sml-layout":"","ast-disable-related-posts":"","theme-transparent-header-meta":"","adv-header-id-meta":"","stick-header-meta":"","header-above-stick-meta":"","header-main-stick-meta":"","header-below-stick-meta":"","astra-migrate-meta-layouts":"default","ast-page-background-enabled":"default","ast-page-background-meta":{"desktop":{"background-color":"var(--ast-global-color-4)","background-image":"","background-repeat":"repeat","background-position":"center center","background-size":"auto","background-attachment":"scroll","background-type":"","background-media":"","overlay-type":"","overlay-color":"","overlay-opacity":"","overlay-gradient":""},"tablet":{"background-color":"","background-image":"","background-repeat":"repeat","background-position":"center center","background-size":"auto","background-attachment":"scroll","background-type":"","background-media":"","overlay-type":"","overlay-color":"","overlay-opacity":"","overlay-gradient":""},"mobile":{"background-color":"","background-image":"","background-repeat":"repeat","background-position":"center center","background-size":"auto","background-attachment":"scroll","background-type":"","background-media":"","overlay-type":"","overlay-color":"","overlay-opacity":"","overlay-gradient":""}},"ast-content-background-meta":{"desktop":{"background-color":"var(--ast-global-color-5)","background-image":"","background-repeat":"repeat","background-position":"center center","background-size":"auto","background-attachment":"scroll","background-type":"","background-media":"","overlay-type":"","overlay-color":"","overlay-opacity":"","overlay-gradient":""},"tablet":{"background-color":"var(--ast-global-color-5)","background-image":"","background-repeat":"repeat","background-position":"center center","background-size":"auto","background-attachment":"scroll","background-type":"","background-media":"","overlay-type":"","overlay-color":"","overlay-opacity":"","overlay-gradient":""},"mobile":{"background-color":"var(--ast-global-color-5)","background-image":"","background-repeat":"repeat","background-position":"center center","background-size":"auto","background-attachment":"scroll","background-type":"","background-media":"","overlay-type":"","overlay-color":"","overlay-opacity":"","overlay-gradient":""}},"footnotes":""},"class_list":["post-1327","page","type-page","status-publish","hentry"],"_links":{"self":[{"href":"https:\/\/alimentacionycultura.ucr.ac.cr\/index.php\/wp-json\/wp\/v2\/pages\/1327","targetHints":{"allow":["GET"]}}],"collection":[{"href":"https:\/\/alimentacionycultura.ucr.ac.cr\/index.php\/wp-json\/wp\/v2\/pages"}],"about":[{"href":"https:\/\/alimentacionycultura.ucr.ac.cr\/index.php\/wp-json\/wp\/v2\/types\/page"}],"author":[{"embeddable":true,"href":"https:\/\/alimentacionycultura.ucr.ac.cr\/index.php\/wp-json\/wp\/v2\/users\/5"}],"replies":[{"embeddable":true,"href":"https:\/\/alimentacionycultura.ucr.ac.cr\/index.php\/wp-json\/wp\/v2\/comments?post=1327"}],"version-history":[{"count":27,"href":"https:\/\/alimentacionycultura.ucr.ac.cr\/index.php\/wp-json\/wp\/v2\/pages\/1327\/revisions"}],"predecessor-version":[{"id":4146,"href":"https:\/\/alimentacionycultura.ucr.ac.cr\/index.php\/wp-json\/wp\/v2\/pages\/1327\/revisions\/4146"}],"up":[{"embeddable":true,"href":"https:\/\/alimentacionycultura.ucr.ac.cr\/index.php\/wp-json\/wp\/v2\/pages\/1206"}],"wp:attachment":[{"href":"https:\/\/alimentacionycultura.ucr.ac.cr\/index.php\/wp-json\/wp\/v2\/media?parent=1327"}],"curies":[{"name":"wp","href":"https:\/\/api.w.org\/{rel}","templated":true}]}}