{"id":20,"date":"2022-06-30T22:31:45","date_gmt":"2022-06-30T22:31:45","guid":{"rendered":"https:\/\/alimentacionycultura.ucr.ac.cr\/?page_id=20"},"modified":"2022-11-19T17:47:53","modified_gmt":"2022-11-19T17:47:53","slug":"nuestros-alimentos","status":"publish","type":"page","link":"https:\/\/alimentacionycultura.ucr.ac.cr\/index.php\/nuestros-alimentos\/","title":{"rendered":"Nuestros Alimentos"},"content":{"rendered":"\t\t<div data-elementor-type=\"wp-page\" data-elementor-id=\"20\" class=\"elementor elementor-20\">\n\t\t\t\t\t\t<section class=\"elementor-section elementor-top-section elementor-element elementor-element-31405f9 elementor-section-height-min-height elementor-section-boxed elementor-section-height-default elementor-section-items-middle\" data-id=\"31405f9\" data-element_type=\"section\" data-e-type=\"section\" data-settings=\"{&quot;background_background&quot;:&quot;classic&quot;}\">\n\t\t\t\t\t\t\t<div class=\"elementor-background-overlay\"><\/div>\n\t\t\t\t\t\t\t<div class=\"elementor-container elementor-column-gap-default\">\n\t\t\t\t\t<div class=\"elementor-column elementor-col-100 elementor-top-column elementor-element elementor-element-3c8ed898\" data-id=\"3c8ed898\" data-element_type=\"column\" data-e-type=\"column\">\n\t\t\t<div class=\"elementor-widget-wrap elementor-element-populated\">\n\t\t\t\t\t\t<div class=\"elementor-element elementor-element-53e39c04 animated-slow elementor-invisible elementor-widget elementor-widget-heading\" data-id=\"53e39c04\" data-element_type=\"widget\" data-e-type=\"widget\" data-settings=\"{&quot;_animation&quot;:&quot;fadeIn&quot;}\" data-widget_type=\"heading.default\">\n\t\t\t\t<div class=\"elementor-widget-container\">\n\t\t\t\t\t<h1 class=\"elementor-heading-title elementor-size-default\">Nuestros alimentos<\/h1>\t\t\t\t<\/div>\n\t\t\t\t<\/div>\n\t\t\t\t\t<\/div>\n\t\t<\/div>\n\t\t\t\t\t<\/div>\n\t\t<\/section>\n\t\t\t\t<section class=\"elementor-section elementor-top-section elementor-element elementor-element-afd1618 section-container elementor-section-boxed elementor-section-height-default elementor-section-height-default\" data-id=\"afd1618\" data-element_type=\"section\" data-e-type=\"section\" data-settings=\"{&quot;background_background&quot;:&quot;classic&quot;}\">\n\t\t\t\t\t\t<div class=\"elementor-container elementor-column-gap-default\">\n\t\t\t\t\t<div class=\"elementor-column elementor-col-100 elementor-top-column elementor-element elementor-element-20735ea1\" data-id=\"20735ea1\" data-element_type=\"column\" data-e-type=\"column\">\n\t\t\t<div class=\"elementor-widget-wrap elementor-element-populated\">\n\t\t\t\t\t\t<div class=\"elementor-element elementor-element-27d8529d elementor-widget elementor-widget-text-editor\" data-id=\"27d8529d\" data-element_type=\"widget\" data-e-type=\"widget\" data-widget_type=\"text-editor.default\">\n\t\t\t\t<div class=\"elementor-widget-container\">\n\t\t\t\t\t\t\t\t\t<p>Costa Rica tiene una ubicaci\u00f3n geogr\u00e1fica privilegiada al formar parte del Istmo Centroamericano como puente biol\u00f3gico y cultural que une el norte y sur del continente americano.\u00a0 Dispone del 0.03 % de la superficie terrestre mundial y posee cerca del 6 % de la biodiversidad del planeta,\u00a0 la cual est\u00e1 distribuida en cerca de 52.000 km\u00b2\u00a0de territorio terrestre y m\u00e1s de 589.000 km\u00b2\u00a0de aguas territoriales del oc\u00e9ano Pac\u00edfico y mar Caribe.\u00a0 Su riqueza en biodiversidad alimentaria es invaluable, as\u00ed como los saberes atesorados por la poblaci\u00f3n a lo largo de la historia en relaci\u00f3n con la alimentaci\u00f3n como fuente de vida y manifestaci\u00f3n cultural.\u00a0 Conozcamos m\u00e1s sobre biodiversidad alimentaria y sostenibilidad en Costa Rica.<\/p>\t\t\t\t\t\t\t\t<\/div>\n\t\t\t\t<\/div>\n\t\t\t\t\t<\/div>\n\t\t<\/div>\n\t\t\t\t\t<\/div>\n\t\t<\/section>\n\t\t\t\t<section class=\"elementor-section elementor-top-section elementor-element elementor-element-205ac06e section-container elementor-section-boxed elementor-section-height-default elementor-section-height-default\" data-id=\"205ac06e\" data-element_type=\"section\" data-e-type=\"section\" data-settings=\"{&quot;background_background&quot;:&quot;classic&quot;}\">\n\t\t\t\t\t\t<div class=\"elementor-container elementor-column-gap-default\">\n\t\t\t\t\t<div class=\"elementor-column elementor-col-100 elementor-top-column elementor-element elementor-element-c65df30\" data-id=\"c65df30\" data-element_type=\"column\" data-e-type=\"column\">\n\t\t\t<div class=\"elementor-widget-wrap elementor-element-populated\">\n\t\t\t\t\t\t<div class=\"elementor-element elementor-element-2b72ad92 elementor-widget elementor-widget-heading\" data-id=\"2b72ad92\" data-element_type=\"widget\" data-e-type=\"widget\" data-widget_type=\"heading.default\">\n\t\t\t\t<div class=\"elementor-widget-container\">\n\t\t\t\t\t<h2 class=\"elementor-heading-title elementor-size-default\">Conoce m\u00e1s sobre ....<\/h2>\t\t\t\t<\/div>\n\t\t\t\t<\/div>\n\t\t\t\t<section class=\"elementor-section elementor-inner-section elementor-element elementor-element-7845c03d elementor-section-boxed elementor-section-height-default elementor-section-height-default\" data-id=\"7845c03d\" data-element_type=\"section\" data-e-type=\"section\">\n\t\t\t\t\t\t<div class=\"elementor-container elementor-column-gap-default\">\n\t\t\t\t\t<div class=\"make-column-clickable-elementor elementor-column elementor-col-33 elementor-inner-column elementor-element elementor-element-122f4523\" style=\"cursor: pointer;\" data-column-clickable=\"https:\/\/alimentacionycultura.ucr.ac.cr\/index.php\/nuestros-alimentos\/alimentacion-sostenible\/\" data-column-clickable-blank=\"_self\" data-id=\"122f4523\" data-element_type=\"column\" data-e-type=\"column\" data-settings=\"{&quot;background_background&quot;:&quot;classic&quot;}\">\n\t\t\t<div class=\"elementor-widget-wrap elementor-element-populated\">\n\t\t\t\t\t\t<div class=\"elementor-element elementor-element-3dc0cc2e elementor-widget elementor-widget-image\" data-id=\"3dc0cc2e\" data-element_type=\"widget\" data-e-type=\"widget\" data-widget_type=\"image.default\">\n\t\t\t\t<div class=\"elementor-widget-container\">\n\t\t\t\t\t\t\t\t\t\t\t\t\t\t\t\t<a href=\"https:\/\/alimentacionycultura.ucr.ac.cr\/index.php\/nuestros-alimentos\/alimentacion-sostenible\/\">\n\t\t\t\t\t\t\t<img fetchpriority=\"high\" decoding=\"async\" width=\"940\" height=\"788\" src=\"https:\/\/alimentacionycultura.ucr.ac.cr\/wp-content\/uploads\/2022\/10\/Alimentacio\u0301n-sostenible.png\" class=\"attachment-full size-full wp-image-2078\" alt=\"Alimentacio\u0301n Sostenible Ilustraci\u00f3n\" srcset=\"https:\/\/alimentacionycultura.ucr.ac.cr\/wp-content\/uploads\/2022\/10\/Alimentacio\u0301n-sostenible.png 940w, https:\/\/alimentacionycultura.ucr.ac.cr\/wp-content\/uploads\/2022\/10\/Alimentacio\u0301n-sostenible-300x251.png 300w, https:\/\/alimentacionycultura.ucr.ac.cr\/wp-content\/uploads\/2022\/10\/Alimentacio\u0301n-sostenible-768x644.png 768w\" sizes=\"(max-width: 940px) 100vw, 940px\" \/>\t\t\t\t\t\t\t\t<\/a>\n\t\t\t\t\t\t\t\t\t\t\t\t\t\t\t<\/div>\n\t\t\t\t<\/div>\n\t\t\t\t<div class=\"elementor-element elementor-element-3ada74d5 elementor-widget elementor-widget-heading\" data-id=\"3ada74d5\" data-element_type=\"widget\" data-e-type=\"widget\" data-widget_type=\"heading.default\">\n\t\t\t\t<div class=\"elementor-widget-container\">\n\t\t\t\t\t<h3 class=\"elementor-heading-title elementor-size-default\">Alimentaci\u00f3n sostenible<\/h3>\t\t\t\t<\/div>\n\t\t\t\t<\/div>\n\t\t\t\t\t<\/div>\n\t\t<\/div>\n\t\t\t\t<div class=\"make-column-clickable-elementor elementor-column elementor-col-33 elementor-inner-column elementor-element elementor-element-771daa12\" style=\"cursor: pointer;\" data-column-clickable=\"https:\/\/alimentacionycultura.ucr.ac.cr\/index.php\/nuestros-alimentos\/biodiversidad-alimentaria\/\" data-column-clickable-blank=\"_self\" data-id=\"771daa12\" data-element_type=\"column\" data-e-type=\"column\" data-settings=\"{&quot;background_background&quot;:&quot;classic&quot;}\">\n\t\t\t<div class=\"elementor-widget-wrap elementor-element-populated\">\n\t\t\t\t\t\t<div class=\"elementor-element elementor-element-16721c04 elementor-widget elementor-widget-image\" data-id=\"16721c04\" data-element_type=\"widget\" data-e-type=\"widget\" data-widget_type=\"image.default\">\n\t\t\t\t<div class=\"elementor-widget-container\">\n\t\t\t\t\t\t\t\t\t\t\t\t\t\t\t\t<a href=\"https:\/\/alimentacionycultura.ucr.ac.cr\/index.php\/nuestros-alimentos\/biodiversidad-alimentaria\/\">\n\t\t\t\t\t\t\t<img decoding=\"async\" width=\"940\" height=\"788\" src=\"https:\/\/alimentacionycultura.ucr.ac.cr\/wp-content\/uploads\/2022\/10\/Biodiversidad-alimentaria.png\" class=\"attachment-full size-full wp-image-2079\" alt=\"Biodiversidad Alimentaria Ilustraci\u00f3n\" srcset=\"https:\/\/alimentacionycultura.ucr.ac.cr\/wp-content\/uploads\/2022\/10\/Biodiversidad-alimentaria.png 940w, https:\/\/alimentacionycultura.ucr.ac.cr\/wp-content\/uploads\/2022\/10\/Biodiversidad-alimentaria-300x251.png 300w, https:\/\/alimentacionycultura.ucr.ac.cr\/wp-content\/uploads\/2022\/10\/Biodiversidad-alimentaria-768x644.png 768w\" sizes=\"(max-width: 940px) 100vw, 940px\" \/>\t\t\t\t\t\t\t\t<\/a>\n\t\t\t\t\t\t\t\t\t\t\t\t\t\t\t<\/div>\n\t\t\t\t<\/div>\n\t\t\t\t<div class=\"elementor-element elementor-element-441290e6 elementor-widget elementor-widget-heading\" data-id=\"441290e6\" data-element_type=\"widget\" data-e-type=\"widget\" data-widget_type=\"heading.default\">\n\t\t\t\t<div class=\"elementor-widget-container\">\n\t\t\t\t\t<h3 class=\"elementor-heading-title elementor-size-default\">Biodiversidad alimentaria<\/h3>\t\t\t\t<\/div>\n\t\t\t\t<\/div>\n\t\t\t\t\t<\/div>\n\t\t<\/div>\n\t\t\t\t<div class=\"make-column-clickable-elementor elementor-column elementor-col-33 elementor-inner-column elementor-element elementor-element-6d190f2\" style=\"cursor: pointer;\" data-column-clickable=\"https:\/\/alimentacionycultura.ucr.ac.cr\/index.php\/nuestros-alimentos\/nuestros-super-alimentos\/\" data-column-clickable-blank=\"_self\" data-id=\"6d190f2\" data-element_type=\"column\" data-e-type=\"column\" data-settings=\"{&quot;background_background&quot;:&quot;classic&quot;}\">\n\t\t\t<div class=\"elementor-widget-wrap elementor-element-populated\">\n\t\t\t\t\t\t<div class=\"elementor-element elementor-element-18cd279c elementor-widget elementor-widget-image\" data-id=\"18cd279c\" data-element_type=\"widget\" data-e-type=\"widget\" data-widget_type=\"image.default\">\n\t\t\t\t<div class=\"elementor-widget-container\">\n\t\t\t\t\t\t\t\t\t\t\t\t\t\t\t\t<a href=\"https:\/\/alimentacionycultura.ucr.ac.cr\/index.php\/nuestros-alimentos\/nuestros-super-alimentos\/\">\n\t\t\t\t\t\t\t<img decoding=\"async\" width=\"940\" height=\"705\" src=\"https:\/\/alimentacionycultura.ucr.ac.cr\/wp-content\/uploads\/2022\/10\/Super-alimentos-e1665274200269.png\" class=\"attachment-full size-full wp-image-2080\" alt=\"S\u00faper Alimentos Ilustraci\u00f3n\" srcset=\"https:\/\/alimentacionycultura.ucr.ac.cr\/wp-content\/uploads\/2022\/10\/Super-alimentos-e1665274200269.png 940w, https:\/\/alimentacionycultura.ucr.ac.cr\/wp-content\/uploads\/2022\/10\/Super-alimentos-e1665274200269-300x225.png 300w, https:\/\/alimentacionycultura.ucr.ac.cr\/wp-content\/uploads\/2022\/10\/Super-alimentos-e1665274200269-768x576.png 768w\" sizes=\"(max-width: 940px) 100vw, 940px\" \/>\t\t\t\t\t\t\t\t<\/a>\n\t\t\t\t\t\t\t\t\t\t\t\t\t\t\t<\/div>\n\t\t\t\t<\/div>\n\t\t\t\t<div class=\"elementor-element elementor-element-2f603cfb elementor-widget elementor-widget-heading\" data-id=\"2f603cfb\" data-element_type=\"widget\" data-e-type=\"widget\" data-widget_type=\"heading.default\">\n\t\t\t\t<div class=\"elementor-widget-container\">\n\t\t\t\t\t<h3 class=\"elementor-heading-title elementor-size-default\">Nuestros s\u00faper alimentos<\/h3>\t\t\t\t<\/div>\n\t\t\t\t<\/div>\n\t\t\t\t\t<\/div>\n\t\t<\/div>\n\t\t\t\t\t<\/div>\n\t\t<\/section>\n\t\t\t\t\t<\/div>\n\t\t<\/div>\n\t\t\t\t\t<\/div>\n\t\t<\/section>\n\t\t\t\t<\/div>\n\t\t","protected":false},"excerpt":{"rendered":"<p>Nuestros alimentos Costa Rica tiene una ubicaci\u00f3n geogr\u00e1fica privilegiada al formar parte del Istmo Centroamericano como puente biol\u00f3gico y cultural que une el norte y sur del continente americano.\u00a0 Dispone del 0.03 % de la superficie terrestre mundial y posee cerca del 6 % de la biodiversidad del planeta,\u00a0 la cual est\u00e1 distribuida en cerca [&hellip;]<\/p>\n","protected":false},"author":5,"featured_media":0,"parent":0,"menu_order":0,"comment_status":"closed","ping_status":"closed","template":"","meta":{"site-sidebar-layout":"no-sidebar","site-content-layout":"page-builder","ast-site-content-layout":"default","site-content-style":"default","site-sidebar-style":"default","ast-global-header-display":"","ast-banner-title-visibility":"","ast-main-header-display":"","ast-hfb-above-header-display":"","ast-hfb-below-header-display":"","ast-hfb-mobile-header-display":"","site-post-title":"disabled","ast-breadcrumbs-content":"","ast-featured-img":"disabled","footer-sml-layout":"","ast-disable-related-posts":"","theme-transparent-header-meta":"","adv-header-id-meta":"","stick-header-meta":"","header-above-stick-meta":"","header-main-stick-meta":"","header-below-stick-meta":"","astra-migrate-meta-layouts":"default","ast-page-background-enabled":"default","ast-page-background-meta":{"desktop":{"background-color":"var(--ast-global-color-4)","background-image":"","background-repeat":"repeat","background-position":"center center","background-size":"auto","background-attachment":"scroll","background-type":"","background-media":"","overlay-type":"","overlay-color":"","overlay-opacity":"","overlay-gradient":""},"tablet":{"background-color":"","background-image":"","background-repeat":"repeat","background-position":"center center","background-size":"auto","background-attachment":"scroll","background-type":"","background-media":"","overlay-type":"","overlay-color":"","overlay-opacity":"","overlay-gradient":""},"mobile":{"background-color":"","background-image":"","background-repeat":"repeat","background-position":"center center","background-size":"auto","background-attachment":"scroll","background-type":"","background-media":"","overlay-type":"","overlay-color":"","overlay-opacity":"","overlay-gradient":""}},"ast-content-background-meta":{"desktop":{"background-color":"var(--ast-global-color-5)","background-image":"","background-repeat":"repeat","background-position":"center center","background-size":"auto","background-attachment":"scroll","background-type":"","background-media":"","overlay-type":"","overlay-color":"","overlay-opacity":"","overlay-gradient":""},"tablet":{"background-color":"var(--ast-global-color-5)","background-image":"","background-repeat":"repeat","background-position":"center center","background-size":"auto","background-attachment":"scroll","background-type":"","background-media":"","overlay-type":"","overlay-color":"","overlay-opacity":"","overlay-gradient":""},"mobile":{"background-color":"var(--ast-global-color-5)","background-image":"","background-repeat":"repeat","background-position":"center center","background-size":"auto","background-attachment":"scroll","background-type":"","background-media":"","overlay-type":"","overlay-color":"","overlay-opacity":"","overlay-gradient":""}},"footnotes":""},"class_list":["post-20","page","type-page","status-publish","hentry"],"_links":{"self":[{"href":"https:\/\/alimentacionycultura.ucr.ac.cr\/index.php\/wp-json\/wp\/v2\/pages\/20","targetHints":{"allow":["GET"]}}],"collection":[{"href":"https:\/\/alimentacionycultura.ucr.ac.cr\/index.php\/wp-json\/wp\/v2\/pages"}],"about":[{"href":"https:\/\/alimentacionycultura.ucr.ac.cr\/index.php\/wp-json\/wp\/v2\/types\/page"}],"author":[{"embeddable":true,"href":"https:\/\/alimentacionycultura.ucr.ac.cr\/index.php\/wp-json\/wp\/v2\/users\/5"}],"replies":[{"embeddable":true,"href":"https:\/\/alimentacionycultura.ucr.ac.cr\/index.php\/wp-json\/wp\/v2\/comments?post=20"}],"version-history":[{"count":115,"href":"https:\/\/alimentacionycultura.ucr.ac.cr\/index.php\/wp-json\/wp\/v2\/pages\/20\/revisions"}],"predecessor-version":[{"id":2996,"href":"https:\/\/alimentacionycultura.ucr.ac.cr\/index.php\/wp-json\/wp\/v2\/pages\/20\/revisions\/2996"}],"wp:attachment":[{"href":"https:\/\/alimentacionycultura.ucr.ac.cr\/index.php\/wp-json\/wp\/v2\/media?parent=20"}],"curies":[{"name":"wp","href":"https:\/\/api.w.org\/{rel}","templated":true}]}}